{"id":34,"date":"2021-02-01T10:45:11","date_gmt":"2021-02-01T07:45:11","guid":{"rendered":"http:\/\/www.laxminteriors.com\/?page_id=34"},"modified":"2024-03-01T16:44:10","modified_gmt":"2024-03-01T13:44:10","slug":"contact","status":"publish","type":"page","link":"https:\/\/www.laxminteriors.com\/en\/contact\/","title":{"rendered":"Contact"},"content":{"rendered":"<p style=\"text-align: center;\"><strong>LAXMI INTERIORS<\/strong><\/p>\n<p style=\"text-align: center;\">Cevdetpa\u015fa Caddesi 61\/1 Bebek \/ Be\u015fikta\u015f &#8211; \u0130stanbul<\/p>\n<p style=\"text-align: center;\">+90 212 263 71 69<\/p>\n<p style=\"text-align: center;\">info@laxminteriors.com<\/p>\n","protected":false},"excerpt":{"rendered":"<p>LAXMI INTERIORS Cevdetpa\u015fa Caddesi 61\/1 Bebek \/ Be\u015fikta\u015f &#8211; \u0130stanbul +90 212 263 71 69 info@laxminteriors.com<\/p>\n","protected":false},"author":1,"featured_media":0,"parent":0,"menu_order":0,"comment_status":"closed","ping_status":"closed","template":"page-contact.php","meta":{"inline_featured_image":false},"acf":[],"yoast_head":"<!-- This site is optimized with the Yoast SEO plugin v18.4.1 - https:\/\/yoast.com\/wordpress\/plugins\/seo\/ -->\n<title>Contact | Laxmi Interiors<\/title>\n<meta name=\"robots\" content=\"index, follow, max-snippet:-1, max-image-preview:large, max-video-preview:-1\" \/>\n<link rel=\"canonical\" href=\"https:\/\/www.laxminteriors.com\/contact\/\" \/>\n<meta property=\"og:locale\" content=\"en_US\" \/>\n<meta property=\"og:type\" content=\"article\" \/>\n<meta property=\"og:title\" content=\"[:en]Contact[:tr]\u0130leti\u015fim[:] | Laxmi Interiors\" \/>\n<meta property=\"og:description\" content=\"LAXMI INTERIORS Cevdetpa\u015fa Caddesi 61\/1 Bebek \/ Be\u015fikta\u015f &#8211; \u0130stanbul +90 212 263 71 69 info@laxminteriors.com\" \/>\n<meta property=\"og:url\" content=\"https:\/\/www.laxminteriors.com\/contact\/\" \/>\n<meta property=\"og:site_name\" content=\"Laxmi Interiors\" \/>\n<meta property=\"article:publisher\" content=\"https:\/\/www.facebook.com\/laxminteriors\" \/>\n<meta property=\"article:modified_time\" content=\"2024-03-01T13:44:10+00:00\" \/>\n<meta name=\"twitter:card\" content=\"summary_large_image\" \/>\n<meta name=\"twitter:label1\" content=\"Est. reading time\" \/>\n\t<meta name=\"twitter:data1\" content=\"1 minute\" \/>\n<script type=\"application\/ld+json\" class=\"yoast-schema-graph\">{\"@context\":\"https:\/\/schema.org\",\"@graph\":[{\"@type\":\"Organization\",\"@id\":\"https:\/\/www.laxminteriors.com\/#organization\",\"name\":\"Laxmi Interiors\",\"url\":\"https:\/\/www.laxminteriors.com\/\",\"sameAs\":[\"https:\/\/www.facebook.com\/laxminteriors\",\"https:\/\/www.instagram.com\/laxminteriors\/\",\"https:\/\/www.youtube.com\/channel\/UCranKXN8JRxy7KnWQng8eZA\",\"https:\/\/www.pinterest.com\/laxminteriors\/_created\/\"],\"logo\":{\"@type\":\"ImageObject\",\"@id\":\"https:\/\/www.laxminteriors.com\/#logo\",\"inLanguage\":\"en-US\",\"url\":\"https:\/\/www.laxminteriors.com\/wp-content\/uploads\/2021\/04\/laxmi-logo.png\",\"contentUrl\":\"https:\/\/www.laxminteriors.com\/wp-content\/uploads\/2021\/04\/laxmi-logo.png\",\"width\":300,\"height\":199,\"caption\":\"Laxmi Interiors\"},\"image\":{\"@id\":\"https:\/\/www.laxminteriors.com\/#logo\"}},{\"@type\":\"WebSite\",\"@id\":\"https:\/\/www.laxminteriors.com\/#website\",\"url\":\"https:\/\/www.laxminteriors.com\/\",\"name\":\"Laxmi Interiors\",\"description\":\"\",\"publisher\":{\"@id\":\"https:\/\/www.laxminteriors.com\/#organization\"},\"potentialAction\":[{\"@type\":\"SearchAction\",\"target\":{\"@type\":\"EntryPoint\",\"urlTemplate\":\"https:\/\/www.laxminteriors.com\/?s={search_term_string}\"},\"query-input\":\"required name=search_term_string\"}],\"inLanguage\":\"en-US\"},{\"@type\":\"WebPage\",\"@id\":\"https:\/\/www.laxminteriors.com\/contact\/#webpage\",\"url\":\"https:\/\/www.laxminteriors.com\/contact\/\",\"name\":\"[:en]Contact[:tr]\u0130leti\u015fim[:] | Laxmi Interiors\",\"isPartOf\":{\"@id\":\"https:\/\/www.laxminteriors.com\/#website\"},\"datePublished\":\"2021-02-01T07:45:11+00:00\",\"dateModified\":\"2024-03-01T13:44:10+00:00\",\"breadcrumb\":{\"@id\":\"https:\/\/www.laxminteriors.com\/contact\/#breadcrumb\"},\"inLanguage\":\"en-US\",\"potentialAction\":[{\"@type\":\"ReadAction\",\"target\":[\"https:\/\/www.laxminteriors.com\/contact\/\"]}]},{\"@type\":\"BreadcrumbList\",\"@id\":\"https:\/\/www.laxminteriors.com\/contact\/#breadcrumb\",\"itemListElement\":[{\"@type\":\"ListItem\",\"position\":1,\"name\":\"Anasayfa\",\"item\":\"https:\/\/www.laxminteriors.com\/\"},{\"@type\":\"ListItem\",\"position\":2,\"name\":\"\u0130leti\u015fim\"}]}]}<\/script>\n<!-- \/ Yoast SEO plugin. -->","yoast_head_json":{"title":"[:en]Contact[:tr]\u0130leti\u015fim[:] | Laxmi Interiors","robots":{"index":"index","follow":"follow","max-snippet":"max-snippet:-1","max-image-preview":"max-image-preview:large","max-video-preview":"max-video-preview:-1"},"canonical":"https:\/\/www.laxminteriors.com\/contact\/","og_locale":"en_US","og_type":"article","og_title":"[:en]Contact[:tr]\u0130leti\u015fim[:] | Laxmi Interiors","og_description":"LAXMI INTERIORS Cevdetpa\u015fa Caddesi 61\/1 Bebek \/ Be\u015fikta\u015f &#8211; \u0130stanbul +90 212 263 71 69 info@laxminteriors.com","og_url":"https:\/\/www.laxminteriors.com\/contact\/","og_site_name":"Laxmi Interiors","article_publisher":"https:\/\/www.facebook.com\/laxminteriors","article_modified_time":"2024-03-01T13:44:10+00:00","twitter_card":"summary_large_image","twitter_misc":{"Est. reading time":"1 minute"},"schema":{"@context":"https:\/\/schema.org","@graph":[{"@type":"Organization","@id":"https:\/\/www.laxminteriors.com\/#organization","name":"Laxmi Interiors","url":"https:\/\/www.laxminteriors.com\/","sameAs":["https:\/\/www.facebook.com\/laxminteriors","https:\/\/www.instagram.com\/laxminteriors\/","https:\/\/www.youtube.com\/channel\/UCranKXN8JRxy7KnWQng8eZA","https:\/\/www.pinterest.com\/laxminteriors\/_created\/"],"logo":{"@type":"ImageObject","@id":"https:\/\/www.laxminteriors.com\/#logo","inLanguage":"en-US","url":"https:\/\/www.laxminteriors.com\/wp-content\/uploads\/2021\/04\/laxmi-logo.png","contentUrl":"https:\/\/www.laxminteriors.com\/wp-content\/uploads\/2021\/04\/laxmi-logo.png","width":300,"height":199,"caption":"Laxmi Interiors"},"image":{"@id":"https:\/\/www.laxminteriors.com\/#logo"}},{"@type":"WebSite","@id":"https:\/\/www.laxminteriors.com\/#website","url":"https:\/\/www.laxminteriors.com\/","name":"Laxmi Interiors","description":"","publisher":{"@id":"https:\/\/www.laxminteriors.com\/#organization"},"potentialAction":[{"@type":"SearchAction","target":{"@type":"EntryPoint","urlTemplate":"https:\/\/www.laxminteriors.com\/?s={search_term_string}"},"query-input":"required name=search_term_string"}],"inLanguage":"en-US"},{"@type":"WebPage","@id":"https:\/\/www.laxminteriors.com\/contact\/#webpage","url":"https:\/\/www.laxminteriors.com\/contact\/","name":"[:en]Contact[:tr]\u0130leti\u015fim[:] | Laxmi Interiors","isPartOf":{"@id":"https:\/\/www.laxminteriors.com\/#website"},"datePublished":"2021-02-01T07:45:11+00:00","dateModified":"2024-03-01T13:44:10+00:00","breadcrumb":{"@id":"https:\/\/www.laxminteriors.com\/contact\/#breadcrumb"},"inLanguage":"en-US","potentialAction":[{"@type":"ReadAction","target":["https:\/\/www.laxminteriors.com\/contact\/"]}]},{"@type":"BreadcrumbList","@id":"https:\/\/www.laxminteriors.com\/contact\/#breadcrumb","itemListElement":[{"@type":"ListItem","position":1,"name":"Anasayfa","item":"https:\/\/www.laxminteriors.com\/"},{"@type":"ListItem","position":2,"name":"\u0130leti\u015fim"}]}]}},"_links":{"self":[{"href":"https:\/\/www.laxminteriors.com\/en\/wp-json\/wp\/v2\/pages\/34"}],"collection":[{"href":"https:\/\/www.laxminteriors.com\/en\/wp-json\/wp\/v2\/pages"}],"about":[{"href":"https:\/\/www.laxminteriors.com\/en\/wp-json\/wp\/v2\/types\/page"}],"author":[{"embeddable":true,"href":"https:\/\/www.laxminteriors.com\/en\/wp-json\/wp\/v2\/users\/1"}],"replies":[{"embeddable":true,"href":"https:\/\/www.laxminteriors.com\/en\/wp-json\/wp\/v2\/comments?post=34"}],"version-history":[{"count":9,"href":"https:\/\/www.laxminteriors.com\/en\/wp-json\/wp\/v2\/pages\/34\/revisions"}],"predecessor-version":[{"id":5533,"href":"https:\/\/www.laxminteriors.com\/en\/wp-json\/wp\/v2\/pages\/34\/revisions\/5533"}],"wp:attachment":[{"href":"https:\/\/www.laxminteriors.com\/en\/wp-json\/wp\/v2\/media?parent=34"}],"curies":[{"name":"wp","href":"https:\/\/api.w.org\/{rel}","templated":true}]}}